{"id":5829,"date":"2024-07-13T13:19:14","date_gmt":"2024-07-13T17:19:14","guid":{"rendered":"https:\/\/hotcle.org\/?page_id=5829"},"modified":"2024-12-18T15:37:33","modified_gmt":"2024-12-18T19:37:33","slug":"onya-nurve","status":"publish","type":"page","link":"https:\/\/hotcle.org\/es\/artreach\/onya-nurve\/","title":{"rendered":"Onya Nurve"},"content":{"rendered":"<div data-elementor-type=\"wp-page\" data-elementor-id=\"5829\" class=\"elementor elementor-5829\" data-elementor-post-type=\"page\">\n\t\t\t\t\t\t<section class=\"elementor-section elementor-top-section elementor-element elementor-element-5e6d053 elementor-section-boxed elementor-section-height-default elementor-section-height-default\" data-id=\"5e6d053\" data-element_type=\"section\" data-e-type=\"section\" data-settings=\"{&quot;background_background&quot;:&quot;classic&quot;}\">\n\t\t\t\t\t\t<div class=\"elementor-container elementor-column-gap-default\">\n\t\t\t\t\t<div class=\"elementor-column elementor-col-100 elementor-top-column elementor-element elementor-element-bf04170\" data-id=\"bf04170\" data-element_type=\"column\" data-e-type=\"column\">\n\t\t\t<div class=\"elementor-widget-wrap elementor-element-populated\">\n\t\t\t\t\t\t<div class=\"elementor-element elementor-element-5776916 elementor-widget elementor-widget-text-editor\" data-id=\"5776916\" data-element_type=\"widget\" data-e-type=\"widget\" data-widget_type=\"text-editor.default\">\n\t\t\t\t<div class=\"elementor-widget-container\">\n\t\t\t\t\t\t\t\t\t<p>2024 <strong>ArtReach<\/strong> Fellow<\/p>\t\t\t\t\t\t\t\t<\/div>\n\t\t\t\t<\/div>\n\t\t\t\t<div class=\"elementor-element elementor-element-a499789 elementor-widget elementor-widget-heading\" data-id=\"a499789\" data-element_type=\"widget\" data-e-type=\"widget\" data-widget_type=\"heading.default\">\n\t\t\t\t<div class=\"elementor-widget-container\">\n\t\t\t\t\t<h2 class=\"elementor-heading-title elementor-size-default\">ONYA NURVE<\/h2>\t\t\t\t<\/div>\n\t\t\t\t<\/div>\n\t\t\t\t<div class=\"elementor-element elementor-element-864b0ce elementor-widget__width-auto elementor-widget elementor-widget-button\" data-id=\"864b0ce\" data-element_type=\"widget\" data-e-type=\"widget\" data-widget_type=\"button.default\">\n\t\t\t\t<div class=\"elementor-widget-container\">\n\t\t\t\t\t\t\t\t\t<div class=\"elementor-button-wrapper\">\n\t\t\t\t\t<a class=\"elementor-button elementor-size-sm\" role=\"button\">\n\t\t\t\t\t\t<span class=\"elementor-button-content-wrapper\">\n\t\t\t\t\t\t\t\t\t<span class=\"elementor-button-text\">Ella<\/span>\n\t\t\t\t\t<\/span>\n\t\t\t\t\t<\/a>\n\t\t\t\t<\/div>\n\t\t\t\t\t\t\t\t<\/div>\n\t\t\t\t<\/div>\n\t\t\t\t<div class=\"elementor-element elementor-element-39cc1c3 elementor-widget__width-auto elementor-widget elementor-widget-button\" data-id=\"39cc1c3\" data-element_type=\"widget\" data-e-type=\"widget\" data-widget_type=\"button.default\">\n\t\t\t\t<div class=\"elementor-widget-container\">\n\t\t\t\t\t\t\t\t\t<div class=\"elementor-button-wrapper\">\n\t\t\t\t\t<a class=\"elementor-button elementor-size-sm\" role=\"button\">\n\t\t\t\t\t\t<span class=\"elementor-button-content-wrapper\">\n\t\t\t\t\t\t\t\t\t<span class=\"elementor-button-text\">Ellas\/Ellos<\/span>\n\t\t\t\t\t<\/span>\n\t\t\t\t\t<\/a>\n\t\t\t\t<\/div>\n\t\t\t\t\t\t\t\t<\/div>\n\t\t\t\t<\/div>\n\t\t\t\t<div class=\"elementor-element elementor-element-06ba2d7 elementor-widget__width-auto elementor-widget elementor-widget-button\" data-id=\"06ba2d7\" data-element_type=\"widget\" data-e-type=\"widget\" data-widget_type=\"button.default\">\n\t\t\t\t<div class=\"elementor-widget-container\">\n\t\t\t\t\t\t\t\t\t<div class=\"elementor-button-wrapper\">\n\t\t\t\t\t<a class=\"elementor-button elementor-size-sm\" role=\"button\">\n\t\t\t\t\t\t<span class=\"elementor-button-content-wrapper\">\n\t\t\t\t\t\t\t\t\t<span class=\"elementor-button-text\">\u00c9l<\/span>\n\t\t\t\t\t<\/span>\n\t\t\t\t\t<\/a>\n\t\t\t\t<\/div>\n\t\t\t\t\t\t\t\t<\/div>\n\t\t\t\t<\/div>\n\t\t\t\t<section class=\"elementor-section elementor-inner-section elementor-element elementor-element-ffba8f8 elementor-section-boxed elementor-section-height-default elementor-section-height-default\" data-id=\"ffba8f8\" data-element_type=\"section\" data-e-type=\"section\">\n\t\t\t\t\t\t<div class=\"elementor-container elementor-column-gap-default\">\n\t\t\t\t\t<div class=\"elementor-column elementor-col-100 elementor-inner-column elementor-element elementor-element-25b69fb\" data-id=\"25b69fb\" data-element_type=\"column\" data-e-type=\"column\">\n\t\t\t<div class=\"elementor-widget-wrap elementor-element-populated\">\n\t\t\t\t\t\t<div class=\"elementor-element elementor-element-0ba243a elementor-widget__width-auto elementor-widget elementor-widget-button\" data-id=\"0ba243a\" data-element_type=\"widget\" data-e-type=\"widget\" data-widget_type=\"button.default\">\n\t\t\t\t<div class=\"elementor-widget-container\">\n\t\t\t\t\t\t\t\t\t<div class=\"elementor-button-wrapper\">\n\t\t\t\t\t<a class=\"elementor-button elementor-button-link elementor-size-sm\" href=\"#\">\n\t\t\t\t\t\t<span class=\"elementor-button-content-wrapper\">\n\t\t\t\t\t\t\t\t\t<span class=\"elementor-button-text\">G\u00e9minis \u2600\ufe0f<\/span>\n\t\t\t\t\t<\/span>\n\t\t\t\t\t<\/a>\n\t\t\t\t<\/div>\n\t\t\t\t\t\t\t\t<\/div>\n\t\t\t\t<\/div>\n\t\t\t\t<div class=\"elementor-element elementor-element-7a3938a elementor-widget__width-auto elementor-widget elementor-widget-button\" data-id=\"7a3938a\" data-element_type=\"widget\" data-e-type=\"widget\" data-widget_type=\"button.default\">\n\t\t\t\t<div class=\"elementor-widget-container\">\n\t\t\t\t\t\t\t\t\t<div class=\"elementor-button-wrapper\">\n\t\t\t\t\t<a class=\"elementor-button elementor-button-link elementor-size-sm\" href=\"#\">\n\t\t\t\t\t\t<span class=\"elementor-button-content-wrapper\">\n\t\t\t\t\t\t\t\t\t<span class=\"elementor-button-text\">Leo \ud83c\udf19<\/span>\n\t\t\t\t\t<\/span>\n\t\t\t\t\t<\/a>\n\t\t\t\t<\/div>\n\t\t\t\t\t\t\t\t<\/div>\n\t\t\t\t<\/div>\n\t\t\t\t<div class=\"elementor-element elementor-element-85039fe elementor-widget__width-auto elementor-widget elementor-widget-button\" data-id=\"85039fe\" data-element_type=\"widget\" data-e-type=\"widget\" data-widget_type=\"button.default\">\n\t\t\t\t<div class=\"elementor-widget-container\">\n\t\t\t\t\t\t\t\t\t<div class=\"elementor-button-wrapper\">\n\t\t\t\t\t<a class=\"elementor-button elementor-button-link elementor-size-sm\" href=\"#\">\n\t\t\t\t\t\t<span class=\"elementor-button-content-wrapper\">\n\t\t\t\t\t\t\t\t\t<span class=\"elementor-button-text\"> Leo \u2650<\/span>\n\t\t\t\t\t<\/span>\n\t\t\t\t\t<\/a>\n\t\t\t\t<\/div>\n\t\t\t\t\t\t\t\t<\/div>\n\t\t\t\t<\/div>\n\t\t\t\t\t<\/div>\n\t\t<\/div>\n\t\t\t\t\t<\/div>\n\t\t<\/section>\n\t\t\t\t<div class=\"elementor-element elementor-element-122dbbd elementor-widget elementor-widget-image\" data-id=\"122dbbd\" data-element_type=\"widget\" data-e-type=\"widget\" data-widget_type=\"image.default\">\n\t\t\t\t<div class=\"elementor-widget-container\">\n\t\t\t\t\t\t\t\t\t\t\t\t\t\t\t<img fetchpriority=\"high\" decoding=\"async\" width=\"819\" height=\"1024\" src=\"https:\/\/hotcle.org\/wp-content\/uploads\/2024\/04\/IMG_0389-819x1024.jpeg\" class=\"attachment-large size-large wp-image-3119\" alt=\"\" srcset=\"https:\/\/hotcle.org\/wp-content\/uploads\/2024\/04\/IMG_0389-819x1024.jpeg 819w, https:\/\/hotcle.org\/wp-content\/uploads\/2024\/04\/IMG_0389-240x300.jpeg 240w, https:\/\/hotcle.org\/wp-content\/uploads\/2024\/04\/IMG_0389-768x960.jpeg 768w, https:\/\/hotcle.org\/wp-content\/uploads\/2024\/04\/IMG_0389-1229x1536.jpeg 1229w, https:\/\/hotcle.org\/wp-content\/uploads\/2024\/04\/IMG_0389-1638x2048.jpeg 1638w, https:\/\/hotcle.org\/wp-content\/uploads\/2024\/04\/IMG_0389-10x12.jpeg 10w, https:\/\/hotcle.org\/wp-content\/uploads\/2024\/04\/IMG_0389-scaled.jpeg 2048w\" sizes=\"(max-width: 819px) 100vw, 819px\" \/>\t\t\t\t\t\t\t\t\t\t\t\t\t\t\t<\/div>\n\t\t\t\t<\/div>\n\t\t\t\t<div class=\"elementor-element elementor-element-659d8fe elementor-widget__width-initial elementor-widget elementor-widget-text-editor\" data-id=\"659d8fe\" data-element_type=\"widget\" data-e-type=\"widget\" data-widget_type=\"text-editor.default\">\n\t\t\t\t<div class=\"elementor-widget-container\">\n\t\t\t\t\t\t\t\t\t<p><strong>Onya Nurve<\/strong> ha sido nombrada becaria inaugural de ArtReach de Haus of Transcendent. ArtReach aprovecha el poder del arte y la confianza para conectar a m\u00e1s personas LGBTQI2S+ con la ayuda de emergencia.<\/p>\t\t\t\t\t\t\t\t<\/div>\n\t\t\t\t<\/div>\n\t\t\t\t<div class=\"elementor-element elementor-element-0297c2e elementor-widget elementor-widget-image\" data-id=\"0297c2e\" data-element_type=\"widget\" data-e-type=\"widget\" data-widget_type=\"image.default\">\n\t\t\t\t<div class=\"elementor-widget-container\">\n\t\t\t\t\t\t\t\t\t\t\t\t\t\t\t<img decoding=\"async\" width=\"819\" height=\"1024\" src=\"https:\/\/hotcle.org\/wp-content\/uploads\/2024\/04\/IMG_0390-819x1024.jpeg\" class=\"attachment-large size-large wp-image-3120\" alt=\"\" srcset=\"https:\/\/hotcle.org\/wp-content\/uploads\/2024\/04\/IMG_0390-819x1024.jpeg 819w, https:\/\/hotcle.org\/wp-content\/uploads\/2024\/04\/IMG_0390-240x300.jpeg 240w, https:\/\/hotcle.org\/wp-content\/uploads\/2024\/04\/IMG_0390-768x960.jpeg 768w, https:\/\/hotcle.org\/wp-content\/uploads\/2024\/04\/IMG_0390-1229x1536.jpeg 1229w, https:\/\/hotcle.org\/wp-content\/uploads\/2024\/04\/IMG_0390-1638x2048.jpeg 1638w, https:\/\/hotcle.org\/wp-content\/uploads\/2024\/04\/IMG_0390-10x12.jpeg 10w, https:\/\/hotcle.org\/wp-content\/uploads\/2024\/04\/IMG_0390-scaled.jpeg 2048w\" sizes=\"(max-width: 819px) 100vw, 819px\" \/>\t\t\t\t\t\t\t\t\t\t\t\t\t\t\t<\/div>\n\t\t\t\t<\/div>\n\t\t\t\t<div class=\"elementor-element elementor-element-f27b092 elementor-widget__width-initial elementor-widget elementor-widget-text-editor\" data-id=\"f27b092\" data-element_type=\"widget\" data-e-type=\"widget\" data-widget_type=\"text-editor.default\">\n\t\t\t\t<div class=\"elementor-widget-container\">\n\t\t\t\t\t\t\t\t\t<p>Onya Nurve, artista negra, queer y no binaria de Cleveland, celebra la diversidad cultural y art\u00edstica a trav\u00e9s del drag. Es cabeza de cartel en HOTTOWEEN 2024 y pronto debutar\u00e1 en <a href=\"https:\/\/hotcle.org\/es\/onya-rpdr\/\">RuPaul\u2019s Drag Race Season 17<\/a>, aportan creatividad y activismo audaces al escenario.<\/p>\t\t\t\t\t\t\t\t<\/div>\n\t\t\t\t<\/div>\n\t\t\t\t<div class=\"elementor-element elementor-element-b022ca8 elementor-widget elementor-widget-image\" data-id=\"b022ca8\" data-element_type=\"widget\" data-e-type=\"widget\" data-widget_type=\"image.default\">\n\t\t\t\t<div class=\"elementor-widget-container\">\n\t\t\t\t\t\t\t\t\t\t\t\t\t\t\t<img decoding=\"async\" width=\"819\" height=\"1024\" src=\"https:\/\/hotcle.org\/wp-content\/uploads\/2024\/04\/IMG_0386-819x1024.jpeg\" class=\"attachment-large size-large wp-image-3118\" alt=\"\" srcset=\"https:\/\/hotcle.org\/wp-content\/uploads\/2024\/04\/IMG_0386-819x1024.jpeg 819w, https:\/\/hotcle.org\/wp-content\/uploads\/2024\/04\/IMG_0386-240x300.jpeg 240w, https:\/\/hotcle.org\/wp-content\/uploads\/2024\/04\/IMG_0386-768x960.jpeg 768w, https:\/\/hotcle.org\/wp-content\/uploads\/2024\/04\/IMG_0386-1229x1536.jpeg 1229w, https:\/\/hotcle.org\/wp-content\/uploads\/2024\/04\/IMG_0386-1638x2048.jpeg 1638w, https:\/\/hotcle.org\/wp-content\/uploads\/2024\/04\/IMG_0386-10x12.jpeg 10w, https:\/\/hotcle.org\/wp-content\/uploads\/2024\/04\/IMG_0386-scaled.jpeg 2048w\" sizes=\"(max-width: 819px) 100vw, 819px\" \/>\t\t\t\t\t\t\t\t\t\t\t\t\t\t\t<\/div>\n\t\t\t\t<\/div>\n\t\t\t\t<div class=\"elementor-element elementor-element-9aafdfb elementor-widget__width-initial elementor-widget elementor-widget-text-editor\" data-id=\"9aafdfb\" data-element_type=\"widget\" data-e-type=\"widget\" data-widget_type=\"text-editor.default\">\n\t\t\t\t<div class=\"elementor-widget-container\">\n\t\t\t\t\t\t\t\t\t<p>HOT est\u00e1 invirtiendo en las aspiraciones creativas de Onya porque creemos que su arte cautivar\u00e1 a audiencias de todo el mundo. Los becarios de ArtReach reciben una subvenci\u00f3n de $500 para ampliar el impacto de su servicio comunitario.<\/p>\t\t\t\t\t\t\t\t<\/div>\n\t\t\t\t<\/div>\n\t\t\t\t<section class=\"elementor-section elementor-inner-section elementor-element elementor-element-fa1a2ba elementor-section-boxed elementor-section-height-default elementor-section-height-default\" data-id=\"fa1a2ba\" data-element_type=\"section\" data-e-type=\"section\">\n\t\t\t\t\t\t<div class=\"elementor-container elementor-column-gap-default\">\n\t\t\t\t\t<div class=\"elementor-column elementor-col-50 elementor-inner-column elementor-element elementor-element-01a88ac\" data-id=\"01a88ac\" data-element_type=\"column\" data-e-type=\"column\">\n\t\t\t<div class=\"elementor-widget-wrap elementor-element-populated\">\n\t\t\t\t\t\t<div class=\"elementor-element elementor-element-eb7b062 elementor-widget elementor-widget-text-editor\" data-id=\"eb7b062\" data-element_type=\"widget\" data-e-type=\"widget\" data-widget_type=\"text-editor.default\">\n\t\t\t\t<div class=\"elementor-widget-container\">\n\t\t\t\t\t\t\t\t\t<p><strong>Sigue a ONYA NURVE!<\/strong><\/p>\t\t\t\t\t\t\t\t<\/div>\n\t\t\t\t<\/div>\n\t\t\t\t\t<\/div>\n\t\t<\/div>\n\t\t\t\t<div class=\"elementor-column elementor-col-50 elementor-inner-column elementor-element elementor-element-5766e17\" data-id=\"5766e17\" data-element_type=\"column\" data-e-type=\"column\">\n\t\t\t<div class=\"elementor-widget-wrap elementor-element-populated\">\n\t\t\t\t\t\t<div class=\"elementor-element elementor-element-1cf7f74 elementor-shape-circle e-grid-align-left elementor-grid-0 elementor-widget elementor-widget-social-icons\" data-id=\"1cf7f74\" data-element_type=\"widget\" data-e-type=\"widget\" data-widget_type=\"social-icons.default\">\n\t\t\t\t<div class=\"elementor-widget-container\">\n\t\t\t\t\t\t\t<div class=\"elementor-social-icons-wrapper elementor-grid\" role=\"list\">\n\t\t\t\t\t\t\t<span class=\"elementor-grid-item\" role=\"listitem\">\n\t\t\t\t\t<a class=\"elementor-icon elementor-social-icon elementor-social-icon-instagram elementor-repeater-item-079fa51\" href=\"https:\/\/www.instagram.com\/onyanurve?igsh=MTRycXppZWV6anFmcQ==\" target=\"_blank\">\n\t\t\t\t\t\t<span class=\"elementor-screen-only\">Instagram<\/span>\n\t\t\t\t\t\t<i aria-hidden=\"true\" class=\"fab fa-instagram\"><\/i>\t\t\t\t\t<\/a>\n\t\t\t\t<\/span>\n\t\t\t\t\t\t\t<span class=\"elementor-grid-item\" role=\"listitem\">\n\t\t\t\t\t<a class=\"elementor-icon elementor-social-icon elementor-social-icon-linkedin elementor-repeater-item-0188289\" href=\"https:\/\/www.linkedin.com\/in\/onya-nurve-2782b0292\" target=\"_blank\">\n\t\t\t\t\t\t<span class=\"elementor-screen-only\">Linkedin<\/span>\n\t\t\t\t\t\t<i aria-hidden=\"true\" class=\"fab fa-linkedin\"><\/i>\t\t\t\t\t<\/a>\n\t\t\t\t<\/span>\n\t\t\t\t\t<\/div>\n\t\t\t\t\t\t<\/div>\n\t\t\t\t<\/div>\n\t\t\t\t\t<\/div>\n\t\t<\/div>\n\t\t\t\t\t<\/div>\n\t\t<\/section>\n\t\t\t\t\t<\/div>\n\t\t<\/div>\n\t\t\t\t\t<\/div>\n\t\t<\/section>\n\t\t\t\t<\/div>","protected":false},"excerpt":{"rendered":"<p>2024 ArtReach Fellow ONYA NURVE She They He Gemini \u2600\ufe0f Leo \ud83c\udf19 Leo \u2650 Onya Nurve has been named Haus of Transcendent\u2019s inaugural ArtReach Fellow! ArtReach harnesses the power of art and trust to connect more LGBTQI2S+ people to Emergency Help. Onya Nurve, a Black, Queer, Nonbinary entertainer from Cleveland, celebrates cultural and artistic diversity&#8230;<\/p>","protected":false},"author":4,"featured_media":0,"parent":599,"menu_order":0,"comment_status":"closed","ping_status":"closed","template":"","meta":{"give_campaign_id":0,"_kad_post_transparent":"","_kad_post_title":"hide","_kad_post_layout":"fullwidth","_kad_post_sidebar_id":"","_kad_post_content_style":"unboxed","_kad_post_vertical_padding":"hide","_kad_post_feature":"hide","_kad_post_feature_position":"","_kad_post_header":false,"_kad_post_footer":false,"_kad_post_classname":"","footnotes":""},"class_list":["post-5829","page","type-page","status-publish","hentry"],"yoast_head":"<!-- This site is optimized with the Yoast SEO plugin v27.4 - https:\/\/yoast.com\/product\/yoast-seo-wordpress\/ -->\n<title>Onya Nurve - Haus of Transcendent<\/title>\n<meta name=\"robots\" content=\"index, follow, max-snippet:-1, max-image-preview:large, max-video-preview:-1\" \/>\n<link rel=\"canonical\" href=\"https:\/\/hotcle.org\/es\/artreach\/onya-nurve\/\" \/>\n<meta property=\"og:locale\" content=\"es_MX\" \/>\n<meta property=\"og:type\" content=\"article\" \/>\n<meta property=\"og:title\" content=\"Onya Nurve - Haus of Transcendent\" \/>\n<meta property=\"og:description\" content=\"2024 ArtReach Fellow ONYA NURVE She They He Gemini \u2600\ufe0f Leo \ud83c\udf19 Leo \u2650 Onya Nurve has been named Haus of Transcendent\u2019s inaugural ArtReach Fellow! ArtReach harnesses the power of art and trust to connect more LGBTQI2S+ people to Emergency Help. Onya Nurve, a Black, Queer, Nonbinary entertainer from Cleveland, celebrates cultural and artistic diversity...\" \/>\n<meta property=\"og:url\" content=\"https:\/\/hotcle.org\/es\/artreach\/onya-nurve\/\" \/>\n<meta property=\"og:site_name\" content=\"Haus of Transcendent\" \/>\n<meta property=\"article:modified_time\" content=\"2024-12-18T19:37:33+00:00\" \/>\n<meta property=\"og:image\" content=\"https:\/\/hotcle.org\/wp-content\/uploads\/2024\/04\/IMG_0389-scaled.jpeg\" \/>\n\t<meta property=\"og:image:width\" content=\"2048\" \/>\n\t<meta property=\"og:image:height\" content=\"2560\" \/>\n\t<meta property=\"og:image:type\" content=\"image\/jpeg\" \/>\n<meta name=\"twitter:card\" content=\"summary_large_image\" \/>\n<meta name=\"twitter:label1\" content=\"Tiempo de lectura\" \/>\n\t<meta name=\"twitter:data1\" content=\"2 minutos\" \/>\n<script type=\"application\/ld+json\" class=\"yoast-schema-graph\">{\"@context\":\"https:\\\/\\\/schema.org\",\"@graph\":[{\"@type\":\"WebPage\",\"@id\":\"https:\\\/\\\/hotcle.org\\\/artreach\\\/onya-nurve\\\/\",\"url\":\"https:\\\/\\\/hotcle.org\\\/artreach\\\/onya-nurve\\\/\",\"name\":\"Onya Nurve - Haus of Transcendent\",\"isPartOf\":{\"@id\":\"https:\\\/\\\/hotcle.org\\\/#website\"},\"primaryImageOfPage\":{\"@id\":\"https:\\\/\\\/hotcle.org\\\/artreach\\\/onya-nurve\\\/#primaryimage\"},\"image\":{\"@id\":\"https:\\\/\\\/hotcle.org\\\/artreach\\\/onya-nurve\\\/#primaryimage\"},\"thumbnailUrl\":\"https:\\\/\\\/hotcle.org\\\/wp-content\\\/uploads\\\/2024\\\/04\\\/IMG_0389-819x1024.jpeg\",\"datePublished\":\"2024-07-13T17:19:14+00:00\",\"dateModified\":\"2024-12-18T19:37:33+00:00\",\"breadcrumb\":{\"@id\":\"https:\\\/\\\/hotcle.org\\\/artreach\\\/onya-nurve\\\/#breadcrumb\"},\"inLanguage\":\"es\",\"potentialAction\":[{\"@type\":\"ReadAction\",\"target\":[\"https:\\\/\\\/hotcle.org\\\/artreach\\\/onya-nurve\\\/\"]}]},{\"@type\":\"ImageObject\",\"inLanguage\":\"es\",\"@id\":\"https:\\\/\\\/hotcle.org\\\/artreach\\\/onya-nurve\\\/#primaryimage\",\"url\":\"https:\\\/\\\/hotcle.org\\\/wp-content\\\/uploads\\\/2024\\\/04\\\/IMG_0389-819x1024.jpeg\",\"contentUrl\":\"https:\\\/\\\/hotcle.org\\\/wp-content\\\/uploads\\\/2024\\\/04\\\/IMG_0389-819x1024.jpeg\"},{\"@type\":\"BreadcrumbList\",\"@id\":\"https:\\\/\\\/hotcle.org\\\/artreach\\\/onya-nurve\\\/#breadcrumb\",\"itemListElement\":[{\"@type\":\"ListItem\",\"position\":1,\"name\":\"Home\",\"item\":\"https:\\\/\\\/hotcle.org\\\/\"},{\"@type\":\"ListItem\",\"position\":2,\"name\":\"ArtReach\",\"item\":\"https:\\\/\\\/hotcle.org\\\/artreach\\\/\"},{\"@type\":\"ListItem\",\"position\":3,\"name\":\"Onya Nurve\"}]},{\"@type\":\"WebSite\",\"@id\":\"https:\\\/\\\/hotcle.org\\\/#website\",\"url\":\"https:\\\/\\\/hotcle.org\\\/\",\"name\":\"Haus of Transcendent\",\"description\":\"\",\"publisher\":{\"@id\":\"https:\\\/\\\/hotcle.org\\\/#organization\"},\"potentialAction\":[{\"@type\":\"SearchAction\",\"target\":{\"@type\":\"EntryPoint\",\"urlTemplate\":\"https:\\\/\\\/hotcle.org\\\/?s={search_term_string}\"},\"query-input\":{\"@type\":\"PropertyValueSpecification\",\"valueRequired\":true,\"valueName\":\"search_term_string\"}}],\"inLanguage\":\"es\"},{\"@type\":\"Organization\",\"@id\":\"https:\\\/\\\/hotcle.org\\\/#organization\",\"name\":\"Haus of Transcendent\",\"url\":\"https:\\\/\\\/hotcle.org\\\/\",\"logo\":{\"@type\":\"ImageObject\",\"inLanguage\":\"es\",\"@id\":\"https:\\\/\\\/hotcle.org\\\/#\\\/schema\\\/logo\\\/image\\\/\",\"url\":\"https:\\\/\\\/hotcle.org\\\/wp-content\\\/uploads\\\/2023\\\/08\\\/HOT-Logo-8152023.png\",\"contentUrl\":\"https:\\\/\\\/hotcle.org\\\/wp-content\\\/uploads\\\/2023\\\/08\\\/HOT-Logo-8152023.png\",\"width\":2413,\"height\":792,\"caption\":\"Haus of Transcendent\"},\"image\":{\"@id\":\"https:\\\/\\\/hotcle.org\\\/#\\\/schema\\\/logo\\\/image\\\/\"}}]}<\/script>\n<!-- \/ Yoast SEO plugin. -->","yoast_head_json":{"title":"Onya Nurve - Haus of Transcendent","robots":{"index":"index","follow":"follow","max-snippet":"max-snippet:-1","max-image-preview":"max-image-preview:large","max-video-preview":"max-video-preview:-1"},"canonical":"https:\/\/hotcle.org\/es\/artreach\/onya-nurve\/","og_locale":"es_MX","og_type":"article","og_title":"Onya Nurve - Haus of Transcendent","og_description":"2024 ArtReach Fellow ONYA NURVE She They He Gemini \u2600\ufe0f Leo \ud83c\udf19 Leo \u2650 Onya Nurve has been named Haus of Transcendent\u2019s inaugural ArtReach Fellow! ArtReach harnesses the power of art and trust to connect more LGBTQI2S+ people to Emergency Help. Onya Nurve, a Black, Queer, Nonbinary entertainer from Cleveland, celebrates cultural and artistic diversity...","og_url":"https:\/\/hotcle.org\/es\/artreach\/onya-nurve\/","og_site_name":"Haus of Transcendent","article_modified_time":"2024-12-18T19:37:33+00:00","og_image":[{"width":2048,"height":2560,"url":"https:\/\/hotcle.org\/wp-content\/uploads\/2024\/04\/IMG_0389-scaled.jpeg","type":"image\/jpeg"}],"twitter_card":"summary_large_image","twitter_misc":{"Tiempo de lectura":"2 minutos"},"schema":{"@context":"https:\/\/schema.org","@graph":[{"@type":"WebPage","@id":"https:\/\/hotcle.org\/artreach\/onya-nurve\/","url":"https:\/\/hotcle.org\/artreach\/onya-nurve\/","name":"Onya Nurve - Haus of Transcendent","isPartOf":{"@id":"https:\/\/hotcle.org\/#website"},"primaryImageOfPage":{"@id":"https:\/\/hotcle.org\/artreach\/onya-nurve\/#primaryimage"},"image":{"@id":"https:\/\/hotcle.org\/artreach\/onya-nurve\/#primaryimage"},"thumbnailUrl":"https:\/\/hotcle.org\/wp-content\/uploads\/2024\/04\/IMG_0389-819x1024.jpeg","datePublished":"2024-07-13T17:19:14+00:00","dateModified":"2024-12-18T19:37:33+00:00","breadcrumb":{"@id":"https:\/\/hotcle.org\/artreach\/onya-nurve\/#breadcrumb"},"inLanguage":"es","potentialAction":[{"@type":"ReadAction","target":["https:\/\/hotcle.org\/artreach\/onya-nurve\/"]}]},{"@type":"ImageObject","inLanguage":"es","@id":"https:\/\/hotcle.org\/artreach\/onya-nurve\/#primaryimage","url":"https:\/\/hotcle.org\/wp-content\/uploads\/2024\/04\/IMG_0389-819x1024.jpeg","contentUrl":"https:\/\/hotcle.org\/wp-content\/uploads\/2024\/04\/IMG_0389-819x1024.jpeg"},{"@type":"BreadcrumbList","@id":"https:\/\/hotcle.org\/artreach\/onya-nurve\/#breadcrumb","itemListElement":[{"@type":"ListItem","position":1,"name":"Home","item":"https:\/\/hotcle.org\/"},{"@type":"ListItem","position":2,"name":"ArtReach","item":"https:\/\/hotcle.org\/artreach\/"},{"@type":"ListItem","position":3,"name":"Onya Nurve"}]},{"@type":"WebSite","@id":"https:\/\/hotcle.org\/#website","url":"https:\/\/hotcle.org\/","name":"Haus of Transcendent","description":"","publisher":{"@id":"https:\/\/hotcle.org\/#organization"},"potentialAction":[{"@type":"SearchAction","target":{"@type":"EntryPoint","urlTemplate":"https:\/\/hotcle.org\/?s={search_term_string}"},"query-input":{"@type":"PropertyValueSpecification","valueRequired":true,"valueName":"search_term_string"}}],"inLanguage":"es"},{"@type":"Organization","@id":"https:\/\/hotcle.org\/#organization","name":"Haus of Transcendent","url":"https:\/\/hotcle.org\/","logo":{"@type":"ImageObject","inLanguage":"es","@id":"https:\/\/hotcle.org\/#\/schema\/logo\/image\/","url":"https:\/\/hotcle.org\/wp-content\/uploads\/2023\/08\/HOT-Logo-8152023.png","contentUrl":"https:\/\/hotcle.org\/wp-content\/uploads\/2023\/08\/HOT-Logo-8152023.png","width":2413,"height":792,"caption":"Haus of Transcendent"},"image":{"@id":"https:\/\/hotcle.org\/#\/schema\/logo\/image\/"}}]}},"campaignId":"","_links":{"self":[{"href":"https:\/\/hotcle.org\/es\/wp-json\/wp\/v2\/pages\/5829","targetHints":{"allow":["GET"]}}],"collection":[{"href":"https:\/\/hotcle.org\/es\/wp-json\/wp\/v2\/pages"}],"about":[{"href":"https:\/\/hotcle.org\/es\/wp-json\/wp\/v2\/types\/page"}],"author":[{"embeddable":true,"href":"https:\/\/hotcle.org\/es\/wp-json\/wp\/v2\/users\/4"}],"replies":[{"embeddable":true,"href":"https:\/\/hotcle.org\/es\/wp-json\/wp\/v2\/comments?post=5829"}],"version-history":[{"count":19,"href":"https:\/\/hotcle.org\/es\/wp-json\/wp\/v2\/pages\/5829\/revisions"}],"predecessor-version":[{"id":8252,"href":"https:\/\/hotcle.org\/es\/wp-json\/wp\/v2\/pages\/5829\/revisions\/8252"}],"up":[{"embeddable":true,"href":"https:\/\/hotcle.org\/es\/wp-json\/wp\/v2\/pages\/599"}],"wp:attachment":[{"href":"https:\/\/hotcle.org\/es\/wp-json\/wp\/v2\/media?parent=5829"}],"curies":[{"name":"wp","href":"https:\/\/api.w.org\/{rel}","templated":true}]}}