{"id":3045,"date":"2024-04-20T23:51:14","date_gmt":"2024-04-21T03:51:14","guid":{"rendered":"https:\/\/hotcle.org\/?page_id=3045"},"modified":"2024-04-21T19:58:24","modified_gmt":"2024-04-21T23:58:24","slug":"volunteer-release-and-waiver-of-liability-form","status":"publish","type":"page","link":"https:\/\/hotcle.org\/es\/volunteer-release-and-waiver-of-liability-form\/","title":{"rendered":"Formulario de liberaci\u00f3n voluntaria y exenci\u00f3n de responsabilidad"},"content":{"rendered":"<div data-elementor-type=\"wp-page\" data-elementor-id=\"3045\" class=\"elementor elementor-3045\" data-elementor-post-type=\"page\">\n\t\t\t\t\t\t<section class=\"elementor-section elementor-top-section elementor-element elementor-element-375876e elementor-section-boxed elementor-section-height-default elementor-section-height-default\" data-id=\"375876e\" data-element_type=\"section\" data-e-type=\"section\" data-settings=\"{&quot;background_background&quot;:&quot;classic&quot;}\">\n\t\t\t\t\t\t\t<div class=\"elementor-background-overlay\"><\/div>\n\t\t\t\t\t\t\t<div class=\"elementor-container elementor-column-gap-default\">\n\t\t\t\t\t<div class=\"elementor-column elementor-col-33 elementor-top-column elementor-element elementor-element-2a9e937\" data-id=\"2a9e937\" data-element_type=\"column\" data-e-type=\"column\">\n\t\t\t<div class=\"elementor-widget-wrap\">\n\t\t\t\t\t\t\t<\/div>\n\t\t<\/div>\n\t\t\t\t<div class=\"elementor-column elementor-col-33 elementor-top-column elementor-element elementor-element-0f05aeb\" data-id=\"0f05aeb\" data-element_type=\"column\" data-e-type=\"column\" data-settings=\"{&quot;background_background&quot;:&quot;classic&quot;}\">\n\t\t\t<div class=\"elementor-widget-wrap elementor-element-populated\">\n\t\t\t\t\t\t<div class=\"elementor-element elementor-element-ce7f864 elementor-widget elementor-widget-image\" data-id=\"ce7f864\" data-element_type=\"widget\" data-e-type=\"widget\" data-widget_type=\"image.default\">\n\t\t\t\t<div class=\"elementor-widget-container\">\n\t\t\t\t\t\t\t\t\t\t\t\t\t\t\t<img fetchpriority=\"high\" decoding=\"async\" width=\"1024\" height=\"336\" src=\"https:\/\/hotcle.org\/wp-content\/uploads\/2023\/08\/HOT-Logo-8152023-1024x336.png\" class=\"attachment-large size-large wp-image-39\" alt=\"\" srcset=\"https:\/\/hotcle.org\/wp-content\/uploads\/2023\/08\/HOT-Logo-8152023-1024x336.png 1024w, https:\/\/hotcle.org\/wp-content\/uploads\/2023\/08\/HOT-Logo-8152023-600x197.png 600w, https:\/\/hotcle.org\/wp-content\/uploads\/2023\/08\/HOT-Logo-8152023-300x98.png 300w, https:\/\/hotcle.org\/wp-content\/uploads\/2023\/08\/HOT-Logo-8152023-768x252.png 768w, https:\/\/hotcle.org\/wp-content\/uploads\/2023\/08\/HOT-Logo-8152023-1536x504.png 1536w, https:\/\/hotcle.org\/wp-content\/uploads\/2023\/08\/HOT-Logo-8152023-2048x672.png 2048w\" sizes=\"(max-width: 1024px) 100vw, 1024px\" \/>\t\t\t\t\t\t\t\t\t\t\t\t\t\t\t<\/div>\n\t\t\t\t<\/div>\n\t\t\t\t<section class=\"elementor-section elementor-inner-section elementor-element elementor-element-d27cf87 elementor-section-boxed elementor-section-height-default elementor-section-height-default\" data-id=\"d27cf87\" data-element_type=\"section\" data-e-type=\"section\">\n\t\t\t\t\t\t<div class=\"elementor-container elementor-column-gap-default\">\n\t\t\t\t\t<div class=\"elementor-column elementor-col-100 elementor-inner-column elementor-element elementor-element-69d9656\" data-id=\"69d9656\" data-element_type=\"column\" data-e-type=\"column\">\n\t\t\t<div class=\"elementor-widget-wrap elementor-element-populated\">\n\t\t\t\t\t\t<div class=\"elementor-element elementor-element-9003165 elementor-widget elementor-widget-heading\" data-id=\"9003165\" data-element_type=\"widget\" data-e-type=\"widget\" data-widget_type=\"heading.default\">\n\t\t\t\t<div class=\"elementor-widget-container\">\n\t\t\t\t\t<h2 class=\"elementor-heading-title elementor-size-default\">Formulario de liberaci\u00f3n voluntaria y exenci\u00f3n de responsabilidad<\/h2>\t\t\t\t<\/div>\n\t\t\t\t<\/div>\n\t\t\t\t<div class=\"elementor-element elementor-element-50151b5 elementor-widget elementor-widget-text-editor\" data-id=\"50151b5\" data-element_type=\"widget\" data-e-type=\"widget\" data-widget_type=\"text-editor.default\">\n\t\t\t\t<div class=\"elementor-widget-container\">\n\t\t\t\t\t\t\t\t\t<p><strong>Esta Exenci\u00f3n y Liberaci\u00f3n de Responsabilidad (la \u201cExenci\u00f3n\u201d)<\/strong> a favor de HAUS OF TRANSCENDENT (\u201cHOT\u201d), sus directores, funcionarios, empleados y agentes (colectivamente, HOT).<\/p>\t\t\t\t\t\t\t\t<\/div>\n\t\t\t\t<\/div>\n\t\t\t\t<div class=\"elementor-element elementor-element-0ff1e4e elementor-widget elementor-widget-heading\" data-id=\"0ff1e4e\" data-element_type=\"widget\" data-e-type=\"widget\" data-widget_type=\"heading.default\">\n\t\t\t\t<div class=\"elementor-widget-container\">\n\t\t\t\t\t<h2 class=\"elementor-heading-title elementor-size-default\">RENUNCIA Y LIBERACI\u00d3N<\/h2>\t\t\t\t<\/div>\n\t\t\t\t<\/div>\n\t\t\t\t<div class=\"elementor-element elementor-element-943acaa elementor-widget elementor-widget-text-editor\" data-id=\"943acaa\" data-element_type=\"widget\" data-e-type=\"widget\" data-widget_type=\"text-editor.default\">\n\t\t\t\t<div class=\"elementor-widget-container\">\n\t\t\t\t\t\t\t\t\t<p>El Voluntario entiende que las actividades en las que puede participar pueden incluir trabajos que pueden ser peligrosos, incluidos, entre otros, actividades de construcci\u00f3n, carga y descarga, transporte hacia y desde los lugares de trabajo, exposici\u00f3n a enfermedades transmisibles e interacci\u00f3n con los beneficiarios del programa.<br \/>El Voluntario por la presente libre, voluntariamente y sin coacci\u00f3n ejecuta esta Liberaci\u00f3n bajo los siguientes t\u00e9rminos:<br \/><strong>Renuncia y Liberaci\u00f3n.<\/strong> Por la presente, el Voluntario libera y libera para siempre y exime de toda responsabilidad a Haus of Transcendent y sus sucesores y cesionarios de toda responsabilidad, reclamo y demanda de cualquier tipo o naturaleza, ya sea en derecho o en equidad, que surjan o puedan surgir en el futuro de las actividades del Voluntario. con CALIENTE.<br \/><strong>Tratamiento m\u00e9dico.<\/strong> Por la presente, el voluntario libera y descarga para siempre a HOT de cualquier reclamo que surja o pueda surgir en el futuro a causa de cualquier primeros auxilios, tratamiento o servicio prestado en relaci\u00f3n con las actividades del voluntario con HOT.<br \/><strong>Asunci\u00f3n de Riesgo.<\/strong> El Voluntario entiende que las Actividades incluyen trabajo que puede ser peligroso para el Voluntario, incluyendo, entre otros, lesiones, enfermedades o posiblemente la muerte. Por la presente, el voluntario asume expresa y espec\u00edficamente el riesgo de lesiones o da\u00f1os en estas actividades y libera a Haus of Transcendent de toda responsabilidad por lesiones, enfermedades, muerte o da\u00f1os a la propiedad resultantes de las actividades del Voluntario con Haus of Transcendent.<br \/><strong>Seguro.<\/strong> El Voluntario entiende que HOT no tiene ni mantiene cobertura de seguro m\u00e9dico, de salud o de discapacidad para ning\u00fan Voluntario. Se espera y se anima a que cada voluntario llegue con cobertura de seguro m\u00e9dico personal.<br \/><strong>Lanzamiento fotogr\u00e1fico.<\/strong> Por la presente, el voluntario otorga y transmite a HOT todos los derechos, t\u00edtulos e intereses sobre todas y cada una de las im\u00e1genes fotogr\u00e1ficas y grabaciones de video o audio realizadas por Haus of Transcendent durante las actividades del voluntario con HOT, incluidas, entre otras, regal\u00edas, ingresos, u otros beneficios derivados de dichas fotograf\u00edas o grabaciones. Como consideraci\u00f3n del permiso otorgado por el voluntario\/participante, HOT se compromete a:<\/p>\t\t\t\t\t\t\t\t<\/div>\n\t\t\t\t<\/div>\n\t\t\t\t<div class=\"elementor-element elementor-element-5dfcb74 elementor-widget elementor-widget-text-editor\" data-id=\"5dfcb74\" data-element_type=\"widget\" data-e-type=\"widget\" data-widget_type=\"text-editor.default\">\n\t\t\t\t<div class=\"elementor-widget-container\">\n\t\t\t\t\t\t\t\t\t<ul><li>eliminar cualquier foto, v\u00eddeo o cualquier otra grabaci\u00f3n a petici\u00f3n del sujeto;<\/li><li>tomar y mostrar fotograf\u00edas, v\u00eddeos o cualquier otra grabaci\u00f3n con respeto; y<\/li><li>Abstenerse de tomar o utilizar fotograf\u00edas o cualquier otra grabaci\u00f3n poco favorecedora o da\u00f1ina.<\/li><\/ul>\t\t\t\t\t\t\t\t<\/div>\n\t\t\t\t<\/div>\n\t\t\t\t<div class=\"elementor-element elementor-element-fdd1cad elementor-widget__width-initial elementor-widget elementor-widget-text-editor\" data-id=\"fdd1cad\" data-element_type=\"widget\" data-e-type=\"widget\" data-widget_type=\"text-editor.default\">\n\t\t\t\t<div class=\"elementor-widget-container\">\n\t\t\t\t\t\t\t\t\t<p><strong>Otro.<\/strong> El voluntario acepta expresamente que esta autorizaci\u00f3n pretende ser tan amplia e inclusiva como lo permitan las leyes del estado\/pa\u00eds en el que se llevan a cabo las actividades y que esta autorizaci\u00f3n se regir\u00e1 e interpretar\u00e1 de acuerdo con las leyes del estado\/pa\u00eds. en el que se encuentra HOT.<br \/>El voluntario acepta que en caso de que cualquier cl\u00e1usula o disposici\u00f3n de este comunicado sea considerada inv\u00e1lida por cualquier tribunal de jurisdicci\u00f3n competente, la invalidez de dicha cl\u00e1usula o disposici\u00f3n no afectar\u00e1 de otro modo las disposiciones restantes de este comunicado, que seguir\u00e1n siendo aplicables.<\/p>\t\t\t\t\t\t\t\t<\/div>\n\t\t\t\t<\/div>\n\t\t\t\t\t<\/div>\n\t\t<\/div>\n\t\t\t\t\t<\/div>\n\t\t<\/section>\n\t\t\t\t\t<\/div>\n\t\t<\/div>\n\t\t\t\t<div class=\"elementor-column elementor-col-33 elementor-top-column elementor-element elementor-element-b01ccd7\" data-id=\"b01ccd7\" data-element_type=\"column\" data-e-type=\"column\">\n\t\t\t<div class=\"elementor-widget-wrap\">\n\t\t\t\t\t\t\t<\/div>\n\t\t<\/div>\n\t\t\t\t\t<\/div>\n\t\t<\/section>\n\t\t\t\t<\/div>","protected":false},"excerpt":{"rendered":"<p>Volunteer Release and Waiver of Liability Form This Release and Waiver of Liability (the &#8220;Release&#8221;) in favor of HAUS OF TRANSCENDENT (\u201cHOT\u201d), its directors, officers, employees, and agents (collectively, HOT). WAIVER AND RELEASE The Volunteer understands that the activities they may participate in may include work that may be hazardous, including, but not limited to,&#8230;<\/p>","protected":false},"author":1,"featured_media":0,"parent":0,"menu_order":0,"comment_status":"closed","ping_status":"closed","template":"","meta":{"give_campaign_id":0,"_kad_post_transparent":"","_kad_post_title":"hide","_kad_post_layout":"fullwidth","_kad_post_sidebar_id":"","_kad_post_content_style":"unboxed","_kad_post_vertical_padding":"hide","_kad_post_feature":"hide","_kad_post_feature_position":"","_kad_post_header":false,"_kad_post_footer":false,"_kad_post_classname":"","footnotes":""},"class_list":["post-3045","page","type-page","status-publish","hentry"],"yoast_head":"<!-- This site is optimized with the Yoast SEO plugin v27.4 - https:\/\/yoast.com\/product\/yoast-seo-wordpress\/ -->\n<title>Volunteer Release and Waiver of Liability Form - Haus of Transcendent<\/title>\n<meta name=\"robots\" content=\"index, follow, max-snippet:-1, max-image-preview:large, max-video-preview:-1\" \/>\n<link rel=\"canonical\" href=\"https:\/\/hotcle.org\/es\/volunteer-release-and-waiver-of-liability-form\/\" \/>\n<meta property=\"og:locale\" content=\"es_MX\" \/>\n<meta property=\"og:type\" content=\"article\" \/>\n<meta property=\"og:title\" content=\"Volunteer Release and Waiver of Liability Form - Haus of Transcendent\" \/>\n<meta property=\"og:description\" content=\"Volunteer Release and Waiver of Liability Form This Release and Waiver of Liability (the &#8220;Release&#8221;) in favor of HAUS OF TRANSCENDENT (\u201cHOT\u201d), its directors, officers, employees, and agents (collectively, HOT). WAIVER AND RELEASE The Volunteer understands that the activities they may participate in may include work that may be hazardous, including, but not limited to,...\" \/>\n<meta property=\"og:url\" content=\"https:\/\/hotcle.org\/es\/volunteer-release-and-waiver-of-liability-form\/\" \/>\n<meta property=\"og:site_name\" content=\"Haus of Transcendent\" \/>\n<meta property=\"article:modified_time\" content=\"2024-04-21T23:58:24+00:00\" \/>\n<meta property=\"og:image\" content=\"https:\/\/hotcle.org\/wp-content\/uploads\/2023\/08\/HOT-Logo-8152023-1024x336.png\" \/>\n<meta name=\"twitter:card\" content=\"summary_large_image\" \/>\n<meta name=\"twitter:label1\" content=\"Tiempo de lectura\" \/>\n\t<meta name=\"twitter:data1\" content=\"3 minutos\" \/>\n<script type=\"application\/ld+json\" class=\"yoast-schema-graph\">{\"@context\":\"https:\\\/\\\/schema.org\",\"@graph\":[{\"@type\":\"WebPage\",\"@id\":\"https:\\\/\\\/hotcle.org\\\/volunteer-release-and-waiver-of-liability-form\\\/\",\"url\":\"https:\\\/\\\/hotcle.org\\\/volunteer-release-and-waiver-of-liability-form\\\/\",\"name\":\"Volunteer Release and Waiver of Liability Form - Haus of Transcendent\",\"isPartOf\":{\"@id\":\"https:\\\/\\\/hotcle.org\\\/#website\"},\"primaryImageOfPage\":{\"@id\":\"https:\\\/\\\/hotcle.org\\\/volunteer-release-and-waiver-of-liability-form\\\/#primaryimage\"},\"image\":{\"@id\":\"https:\\\/\\\/hotcle.org\\\/volunteer-release-and-waiver-of-liability-form\\\/#primaryimage\"},\"thumbnailUrl\":\"https:\\\/\\\/hotcle.org\\\/wp-content\\\/uploads\\\/2023\\\/08\\\/HOT-Logo-8152023-1024x336.png\",\"datePublished\":\"2024-04-21T03:51:14+00:00\",\"dateModified\":\"2024-04-21T23:58:24+00:00\",\"breadcrumb\":{\"@id\":\"https:\\\/\\\/hotcle.org\\\/volunteer-release-and-waiver-of-liability-form\\\/#breadcrumb\"},\"inLanguage\":\"es\",\"potentialAction\":[{\"@type\":\"ReadAction\",\"target\":[\"https:\\\/\\\/hotcle.org\\\/volunteer-release-and-waiver-of-liability-form\\\/\"]}]},{\"@type\":\"ImageObject\",\"inLanguage\":\"es\",\"@id\":\"https:\\\/\\\/hotcle.org\\\/volunteer-release-and-waiver-of-liability-form\\\/#primaryimage\",\"url\":\"https:\\\/\\\/hotcle.org\\\/wp-content\\\/uploads\\\/2023\\\/08\\\/HOT-Logo-8152023-1024x336.png\",\"contentUrl\":\"https:\\\/\\\/hotcle.org\\\/wp-content\\\/uploads\\\/2023\\\/08\\\/HOT-Logo-8152023-1024x336.png\"},{\"@type\":\"BreadcrumbList\",\"@id\":\"https:\\\/\\\/hotcle.org\\\/volunteer-release-and-waiver-of-liability-form\\\/#breadcrumb\",\"itemListElement\":[{\"@type\":\"ListItem\",\"position\":1,\"name\":\"Home\",\"item\":\"https:\\\/\\\/hotcle.org\\\/\"},{\"@type\":\"ListItem\",\"position\":2,\"name\":\"Volunteer Release and Waiver of Liability Form\"}]},{\"@type\":\"WebSite\",\"@id\":\"https:\\\/\\\/hotcle.org\\\/#website\",\"url\":\"https:\\\/\\\/hotcle.org\\\/\",\"name\":\"Haus of Transcendent\",\"description\":\"\",\"publisher\":{\"@id\":\"https:\\\/\\\/hotcle.org\\\/#organization\"},\"potentialAction\":[{\"@type\":\"SearchAction\",\"target\":{\"@type\":\"EntryPoint\",\"urlTemplate\":\"https:\\\/\\\/hotcle.org\\\/?s={search_term_string}\"},\"query-input\":{\"@type\":\"PropertyValueSpecification\",\"valueRequired\":true,\"valueName\":\"search_term_string\"}}],\"inLanguage\":\"es\"},{\"@type\":\"Organization\",\"@id\":\"https:\\\/\\\/hotcle.org\\\/#organization\",\"name\":\"Haus of Transcendent\",\"url\":\"https:\\\/\\\/hotcle.org\\\/\",\"logo\":{\"@type\":\"ImageObject\",\"inLanguage\":\"es\",\"@id\":\"https:\\\/\\\/hotcle.org\\\/#\\\/schema\\\/logo\\\/image\\\/\",\"url\":\"https:\\\/\\\/hotcle.org\\\/wp-content\\\/uploads\\\/2023\\\/08\\\/HOT-Logo-8152023.png\",\"contentUrl\":\"https:\\\/\\\/hotcle.org\\\/wp-content\\\/uploads\\\/2023\\\/08\\\/HOT-Logo-8152023.png\",\"width\":2413,\"height\":792,\"caption\":\"Haus of Transcendent\"},\"image\":{\"@id\":\"https:\\\/\\\/hotcle.org\\\/#\\\/schema\\\/logo\\\/image\\\/\"}}]}<\/script>\n<!-- \/ Yoast SEO plugin. -->","yoast_head_json":{"title":"Volunteer Release and Waiver of Liability Form - Haus of Transcendent","robots":{"index":"index","follow":"follow","max-snippet":"max-snippet:-1","max-image-preview":"max-image-preview:large","max-video-preview":"max-video-preview:-1"},"canonical":"https:\/\/hotcle.org\/es\/volunteer-release-and-waiver-of-liability-form\/","og_locale":"es_MX","og_type":"article","og_title":"Volunteer Release and Waiver of Liability Form - Haus of Transcendent","og_description":"Volunteer Release and Waiver of Liability Form This Release and Waiver of Liability (the &#8220;Release&#8221;) in favor of HAUS OF TRANSCENDENT (\u201cHOT\u201d), its directors, officers, employees, and agents (collectively, HOT). WAIVER AND RELEASE The Volunteer understands that the activities they may participate in may include work that may be hazardous, including, but not limited to,...","og_url":"https:\/\/hotcle.org\/es\/volunteer-release-and-waiver-of-liability-form\/","og_site_name":"Haus of Transcendent","article_modified_time":"2024-04-21T23:58:24+00:00","og_image":[{"url":"https:\/\/hotcle.org\/wp-content\/uploads\/2023\/08\/HOT-Logo-8152023-1024x336.png","type":"","width":"","height":""}],"twitter_card":"summary_large_image","twitter_misc":{"Tiempo de lectura":"3 minutos"},"schema":{"@context":"https:\/\/schema.org","@graph":[{"@type":"WebPage","@id":"https:\/\/hotcle.org\/volunteer-release-and-waiver-of-liability-form\/","url":"https:\/\/hotcle.org\/volunteer-release-and-waiver-of-liability-form\/","name":"Volunteer Release and Waiver of Liability Form - Haus of Transcendent","isPartOf":{"@id":"https:\/\/hotcle.org\/#website"},"primaryImageOfPage":{"@id":"https:\/\/hotcle.org\/volunteer-release-and-waiver-of-liability-form\/#primaryimage"},"image":{"@id":"https:\/\/hotcle.org\/volunteer-release-and-waiver-of-liability-form\/#primaryimage"},"thumbnailUrl":"https:\/\/hotcle.org\/wp-content\/uploads\/2023\/08\/HOT-Logo-8152023-1024x336.png","datePublished":"2024-04-21T03:51:14+00:00","dateModified":"2024-04-21T23:58:24+00:00","breadcrumb":{"@id":"https:\/\/hotcle.org\/volunteer-release-and-waiver-of-liability-form\/#breadcrumb"},"inLanguage":"es","potentialAction":[{"@type":"ReadAction","target":["https:\/\/hotcle.org\/volunteer-release-and-waiver-of-liability-form\/"]}]},{"@type":"ImageObject","inLanguage":"es","@id":"https:\/\/hotcle.org\/volunteer-release-and-waiver-of-liability-form\/#primaryimage","url":"https:\/\/hotcle.org\/wp-content\/uploads\/2023\/08\/HOT-Logo-8152023-1024x336.png","contentUrl":"https:\/\/hotcle.org\/wp-content\/uploads\/2023\/08\/HOT-Logo-8152023-1024x336.png"},{"@type":"BreadcrumbList","@id":"https:\/\/hotcle.org\/volunteer-release-and-waiver-of-liability-form\/#breadcrumb","itemListElement":[{"@type":"ListItem","position":1,"name":"Home","item":"https:\/\/hotcle.org\/"},{"@type":"ListItem","position":2,"name":"Volunteer Release and Waiver of Liability Form"}]},{"@type":"WebSite","@id":"https:\/\/hotcle.org\/#website","url":"https:\/\/hotcle.org\/","name":"Haus of Transcendent","description":"","publisher":{"@id":"https:\/\/hotcle.org\/#organization"},"potentialAction":[{"@type":"SearchAction","target":{"@type":"EntryPoint","urlTemplate":"https:\/\/hotcle.org\/?s={search_term_string}"},"query-input":{"@type":"PropertyValueSpecification","valueRequired":true,"valueName":"search_term_string"}}],"inLanguage":"es"},{"@type":"Organization","@id":"https:\/\/hotcle.org\/#organization","name":"Haus of Transcendent","url":"https:\/\/hotcle.org\/","logo":{"@type":"ImageObject","inLanguage":"es","@id":"https:\/\/hotcle.org\/#\/schema\/logo\/image\/","url":"https:\/\/hotcle.org\/wp-content\/uploads\/2023\/08\/HOT-Logo-8152023.png","contentUrl":"https:\/\/hotcle.org\/wp-content\/uploads\/2023\/08\/HOT-Logo-8152023.png","width":2413,"height":792,"caption":"Haus of Transcendent"},"image":{"@id":"https:\/\/hotcle.org\/#\/schema\/logo\/image\/"}}]}},"campaignId":"","_links":{"self":[{"href":"https:\/\/hotcle.org\/es\/wp-json\/wp\/v2\/pages\/3045","targetHints":{"allow":["GET"]}}],"collection":[{"href":"https:\/\/hotcle.org\/es\/wp-json\/wp\/v2\/pages"}],"about":[{"href":"https:\/\/hotcle.org\/es\/wp-json\/wp\/v2\/types\/page"}],"author":[{"embeddable":true,"href":"https:\/\/hotcle.org\/es\/wp-json\/wp\/v2\/users\/1"}],"replies":[{"embeddable":true,"href":"https:\/\/hotcle.org\/es\/wp-json\/wp\/v2\/comments?post=3045"}],"version-history":[{"count":0,"href":"https:\/\/hotcle.org\/es\/wp-json\/wp\/v2\/pages\/3045\/revisions"}],"wp:attachment":[{"href":"https:\/\/hotcle.org\/es\/wp-json\/wp\/v2\/media?parent=3045"}],"curies":[{"name":"wp","href":"https:\/\/api.w.org\/{rel}","templated":true}]}}