{"id":83,"date":"2023-09-04T15:28:09","date_gmt":"2023-09-04T15:28:09","guid":{"rendered":"https:\/\/hotcle.org\/donacion-fallida\/"},"modified":"2023-09-04T15:28:09","modified_gmt":"2023-09-04T15:28:09","slug":"donacion-fallida","status":"publish","type":"page","link":"https:\/\/hotcle.org\/ar\/donacion-fallida\/","title":{"rendered":"\u0641\u0634\u0644 \u0627\u0644\u062a\u0628\u0631\u0639"},"content":{"rendered":"<p>\u0639\u0630\u0631\u064b\u0627\u060c \u0641\u0634\u0644\u062a \u0645\u0639\u0627\u0644\u062c\u0629 \u062a\u0628\u0631\u0639\u0643. \u0627\u0644\u0631\u062c\u0627\u0621 \u0627\u0644\u0645\u062d\u0627\u0648\u0644\u0629 \u0645\u0631\u0629 \u0623\u062e\u0631\u0649 \u0623\u0648 \u0627\u0644\u0627\u062a\u0635\u0627\u0644 \u0628\u062f\u0639\u0645 \u0627\u0644\u0645\u0648\u0642\u0639.<\/p>","protected":false},"excerpt":{"rendered":"<p>\u0639\u0630\u0631\u064b\u0627\u060c \u0641\u0634\u0644\u062a \u0645\u0639\u0627\u0644\u062c\u0629 \u062a\u0628\u0631\u0639\u0643. \u0627\u0644\u0631\u062c\u0627\u0621 \u0627\u0644\u0645\u062d\u0627\u0648\u0644\u0629 \u0645\u0631\u0629 \u0623\u062e\u0631\u0649 \u0623\u0648 \u0627\u0644\u0627\u062a\u0635\u0627\u0644 \u0628\u062f\u0639\u0645 \u0627\u0644\u0645\u0648\u0642\u0639.<\/p>","protected":false},"author":1,"featured_media":0,"parent":0,"menu_order":0,"comment_status":"closed","ping_status":"closed","template":"","meta":{"give_campaign_id":0,"_kad_post_transparent":"","_kad_post_title":"","_kad_post_layout":"","_kad_post_sidebar_id":"","_kad_post_content_style":"","_kad_post_vertical_padding":"","_kad_post_feature":"","_kad_post_feature_position":"","_kad_post_header":false,"_kad_post_footer":false,"_kad_post_classname":"","footnotes":""},"class_list":["post-83","page","type-page","status-publish","hentry"],"yoast_head":"<!-- This site is optimized with the Yoast SEO plugin v27.5 - https:\/\/yoast.com\/product\/yoast-seo-wordpress\/ -->\n<title>Donaci\u00f3n fallida - Haus of Transcendent<\/title>\n<meta name=\"robots\" content=\"index, follow, max-snippet:-1, max-image-preview:large, max-video-preview:-1\" \/>\n<link rel=\"canonical\" href=\"https:\/\/hotcle.org\/ar\/donacion-fallida\/\" \/>\n<meta property=\"og:locale\" content=\"ar_AR\" \/>\n<meta property=\"og:type\" content=\"article\" \/>\n<meta property=\"og:title\" content=\"Donaci\u00f3n fallida - Haus of Transcendent\" \/>\n<meta property=\"og:description\" content=\"Lo sentimos, tu donaci\u00f3n ha fallado al procesarse. Por favor, int\u00e9ntalo de nuevo o contacta con el soporte del sitio.\" \/>\n<meta property=\"og:url\" content=\"https:\/\/hotcle.org\/ar\/donacion-fallida\/\" \/>\n<meta property=\"og:site_name\" content=\"Haus of Transcendent\" \/>\n<meta name=\"twitter:card\" content=\"summary_large_image\" \/>\n<script type=\"application\/ld+json\" class=\"yoast-schema-graph\">{\"@context\":\"https:\\\/\\\/schema.org\",\"@graph\":[{\"@type\":\"WebPage\",\"@id\":\"https:\\\/\\\/hotcle.org\\\/donacion-fallida\\\/\",\"url\":\"https:\\\/\\\/hotcle.org\\\/donacion-fallida\\\/\",\"name\":\"Donaci\u00f3n fallida - Haus of Transcendent\",\"isPartOf\":{\"@id\":\"https:\\\/\\\/hotcle.org\\\/#website\"},\"datePublished\":\"2023-09-04T15:28:09+00:00\",\"breadcrumb\":{\"@id\":\"https:\\\/\\\/hotcle.org\\\/donacion-fallida\\\/#breadcrumb\"},\"inLanguage\":\"ar\",\"potentialAction\":[{\"@type\":\"ReadAction\",\"target\":[\"https:\\\/\\\/hotcle.org\\\/donacion-fallida\\\/\"]}]},{\"@type\":\"BreadcrumbList\",\"@id\":\"https:\\\/\\\/hotcle.org\\\/donacion-fallida\\\/#breadcrumb\",\"itemListElement\":[{\"@type\":\"ListItem\",\"position\":1,\"name\":\"Home\",\"item\":\"https:\\\/\\\/hotcle.org\\\/\"},{\"@type\":\"ListItem\",\"position\":2,\"name\":\"Donaci\u00f3n fallida\"}]},{\"@type\":\"WebSite\",\"@id\":\"https:\\\/\\\/hotcle.org\\\/#website\",\"url\":\"https:\\\/\\\/hotcle.org\\\/\",\"name\":\"Haus of Transcendent\",\"description\":\"\",\"publisher\":{\"@id\":\"https:\\\/\\\/hotcle.org\\\/#organization\"},\"potentialAction\":[{\"@type\":\"SearchAction\",\"target\":{\"@type\":\"EntryPoint\",\"urlTemplate\":\"https:\\\/\\\/hotcle.org\\\/?s={search_term_string}\"},\"query-input\":{\"@type\":\"PropertyValueSpecification\",\"valueRequired\":true,\"valueName\":\"search_term_string\"}}],\"inLanguage\":\"ar\"},{\"@type\":\"Organization\",\"@id\":\"https:\\\/\\\/hotcle.org\\\/#organization\",\"name\":\"Haus of Transcendent\",\"url\":\"https:\\\/\\\/hotcle.org\\\/\",\"logo\":{\"@type\":\"ImageObject\",\"inLanguage\":\"ar\",\"@id\":\"https:\\\/\\\/hotcle.org\\\/#\\\/schema\\\/logo\\\/image\\\/\",\"url\":\"https:\\\/\\\/hotcle.org\\\/wp-content\\\/uploads\\\/2023\\\/08\\\/HOT-Logo-8152023.png\",\"contentUrl\":\"https:\\\/\\\/hotcle.org\\\/wp-content\\\/uploads\\\/2023\\\/08\\\/HOT-Logo-8152023.png\",\"width\":2413,\"height\":792,\"caption\":\"Haus of Transcendent\"},\"image\":{\"@id\":\"https:\\\/\\\/hotcle.org\\\/#\\\/schema\\\/logo\\\/image\\\/\"}}]}<\/script>\n<!-- \/ Yoast SEO plugin. -->","yoast_head_json":{"title":"Donaci\u00f3n fallida - Haus of Transcendent","robots":{"index":"index","follow":"follow","max-snippet":"max-snippet:-1","max-image-preview":"max-image-preview:large","max-video-preview":"max-video-preview:-1"},"canonical":"https:\/\/hotcle.org\/ar\/donacion-fallida\/","og_locale":"ar_AR","og_type":"article","og_title":"Donaci\u00f3n fallida - Haus of Transcendent","og_description":"Lo sentimos, tu donaci\u00f3n ha fallado al procesarse. Por favor, int\u00e9ntalo de nuevo o contacta con el soporte del sitio.","og_url":"https:\/\/hotcle.org\/ar\/donacion-fallida\/","og_site_name":"Haus of Transcendent","twitter_card":"summary_large_image","schema":{"@context":"https:\/\/schema.org","@graph":[{"@type":"WebPage","@id":"https:\/\/hotcle.org\/donacion-fallida\/","url":"https:\/\/hotcle.org\/donacion-fallida\/","name":"Donaci\u00f3n fallida - Haus of Transcendent","isPartOf":{"@id":"https:\/\/hotcle.org\/#website"},"datePublished":"2023-09-04T15:28:09+00:00","breadcrumb":{"@id":"https:\/\/hotcle.org\/donacion-fallida\/#breadcrumb"},"inLanguage":"ar","potentialAction":[{"@type":"ReadAction","target":["https:\/\/hotcle.org\/donacion-fallida\/"]}]},{"@type":"BreadcrumbList","@id":"https:\/\/hotcle.org\/donacion-fallida\/#breadcrumb","itemListElement":[{"@type":"ListItem","position":1,"name":"Home","item":"https:\/\/hotcle.org\/"},{"@type":"ListItem","position":2,"name":"Donaci\u00f3n fallida"}]},{"@type":"WebSite","@id":"https:\/\/hotcle.org\/#website","url":"https:\/\/hotcle.org\/","name":"\u0647\u0627\u0648\u0633 \u0627\u0648\u0641 \u062a\u0631\u0627\u0646\u0633\u064a\u062f\u064a\u0646\u062a","description":"","publisher":{"@id":"https:\/\/hotcle.org\/#organization"},"potentialAction":[{"@type":"SearchAction","target":{"@type":"EntryPoint","urlTemplate":"https:\/\/hotcle.org\/?s={search_term_string}"},"query-input":{"@type":"PropertyValueSpecification","valueRequired":true,"valueName":"search_term_string"}}],"inLanguage":"ar"},{"@type":"Organization","@id":"https:\/\/hotcle.org\/#organization","name":"\u0647\u0627\u0648\u0633 \u0627\u0648\u0641 \u062a\u0631\u0627\u0646\u0633\u064a\u062f\u064a\u0646\u062a","url":"https:\/\/hotcle.org\/","logo":{"@type":"ImageObject","inLanguage":"ar","@id":"https:\/\/hotcle.org\/#\/schema\/logo\/image\/","url":"https:\/\/hotcle.org\/wp-content\/uploads\/2023\/08\/HOT-Logo-8152023.png","contentUrl":"https:\/\/hotcle.org\/wp-content\/uploads\/2023\/08\/HOT-Logo-8152023.png","width":2413,"height":792,"caption":"Haus of Transcendent"},"image":{"@id":"https:\/\/hotcle.org\/#\/schema\/logo\/image\/"}}]}},"campaignId":"","_links":{"self":[{"href":"https:\/\/hotcle.org\/ar\/wp-json\/wp\/v2\/pages\/83","targetHints":{"allow":["GET"]}}],"collection":[{"href":"https:\/\/hotcle.org\/ar\/wp-json\/wp\/v2\/pages"}],"about":[{"href":"https:\/\/hotcle.org\/ar\/wp-json\/wp\/v2\/types\/page"}],"author":[{"embeddable":true,"href":"https:\/\/hotcle.org\/ar\/wp-json\/wp\/v2\/users\/1"}],"replies":[{"embeddable":true,"href":"https:\/\/hotcle.org\/ar\/wp-json\/wp\/v2\/comments?post=83"}],"version-history":[{"count":0,"href":"https:\/\/hotcle.org\/ar\/wp-json\/wp\/v2\/pages\/83\/revisions"}],"wp:attachment":[{"href":"https:\/\/hotcle.org\/ar\/wp-json\/wp\/v2\/media?parent=83"}],"curies":[{"name":"wp","href":"https:\/\/api.w.org\/{rel}","templated":true}]}}